{"id":103,"date":"2025-11-08T05:18:06","date_gmt":"2025-11-08T04:18:06","guid":{"rendered":"https:\/\/store.deichmann-fotografie.de\/?page_id=103"},"modified":"2025-11-08T18:43:46","modified_gmt":"2025-11-08T17:43:46","slug":"widerrufsbelehrung","status":"publish","type":"page","link":"https:\/\/store.deichmann-fotografie.de\/?page_id=103","title":{"rendered":"Widerrufsbelehrung"},"content":{"rendered":"\n<h2 class=\"wp-block-heading\">Widerrufsrecht f\u00fcr Verbraucher<\/h2>\n\n\n\n<p>Du hast das Recht, binnen <strong>vierzehn Tagen<\/strong> ohne Angabe von Gr\u00fcnden diesen Vertrag zu widerrufen. Die Frist beginnt mit Vertragsschluss.<\/p>\n\n\n\n<p>Um dein Widerrufsrecht auszu\u00fcben, musst du uns (Kontaktdaten siehe unten) mittels einer eindeutigen Erkl\u00e4rung (z. B. E-Mail) \u00fcber deinen Entschluss, diesen Vertrag zu widerrufen, informieren. Zur Wahrung der Frist reicht es aus, dass du die Mitteilung vor Ablauf der Frist absendest.<\/p>\n\n\n\n<p><strong>Kontaktdaten f\u00fcr den Widerruf:<\/strong><br>Deichmann-Fotografie, Tobias Deichmann, von-Eichendorff-Str. 12, 86899 Landsberg am Lech,<br>E-Mail: <strong><a>info@deichmann-fotografie.de<\/a><\/strong>, Telefon: <strong>0179 \/ 6610765<\/strong><\/p>\n\n\n\n<h2 class=\"wp-block-heading\">Folgen des Widerrufs<\/h2>\n\n\n\n<p>Wenn du diesen Vertrag widerrufst, erstatten wir dir alle Zahlungen, die wir von dir erhalten haben, unverz\u00fcglich und sp\u00e4testens binnen <strong>vierzehn Tagen<\/strong> ab dem Tag, an dem die Mitteilung \u00fcber deinen Widerruf bei uns eingegangen ist. F\u00fcr diese R\u00fcckzahlung verwenden wir dasselbe Zahlungsmittel, das du bei der urspr\u00fcnglichen Transaktion eingesetzt hast, es sei denn, mit dir wurde ausdr\u00fccklich etwas anderes vereinbart; in keinem Fall werden dir wegen dieser R\u00fcckzahlung Entgelte berechnet.<\/p>\n\n\n\n<h2 class=\"wp-block-heading\">Ausschluss bzw. vorzeitiges Erl\u00f6schen des Widerrufsrechts<\/h2>\n\n\n\n<p>Bei Vertr\u00e4gen zur <strong>Lieferung digitaler Inhalte<\/strong>, die sich <strong>nicht auf einem k\u00f6rperlichen Datentr\u00e4ger<\/strong> befinden, <strong>erlischt das Widerrufsrecht<\/strong>, <strong>wenn<\/strong> wir mit der Ausf\u00fchrung des Vertrags begonnen haben, <strong>nachdem<\/strong> du<\/p>\n\n\n\n<ol class=\"wp-block-list\">\n<li><strong>ausdr\u00fccklich zugestimmt<\/strong> hast, dass wir vor Ablauf der Widerrufsfrist mit der Ausf\u00fchrung beginnen, und<\/li>\n\n\n\n<li><strong>best\u00e4tigt<\/strong> hast, dass du <strong>kenntnis<\/strong> davon hast, dass du durch deine Zustimmung mit Beginn der Ausf\u00fchrung dein Widerrufsrecht <strong>verlierst<\/strong> (\u00a7 356 Abs. 5 BGB).<\/li>\n<\/ol>\n\n\n\n<hr class=\"wp-block-separator has-alpha-channel-opacity\"\/>\n\n\n\n<h2 class=\"wp-block-heading\">Muster-Widerrufsformular<\/h2>\n\n\n\n<p>(Wenn du den Vertrag widerrufen willst, f\u00fclle dieses Formular aus und sende es zur\u00fcck.)<\/p>\n\n\n\n<ul class=\"wp-block-list\">\n<li>An: <strong>Deichmann-Fotografie, Tobias Deichmann, von-Eichendorff-Str. 12, 86899 Landsberg am Lech<\/strong><br><strong>E-Mail:<\/strong> <a>info@deichmann-fotografie.de<\/a><\/li>\n\n\n\n<li>Hiermit widerrufe(n) ich\/wir den von mir\/uns abgeschlossenen Vertrag \u00fcber den Kauf der folgenden Waren \/ die Erbringung der folgenden Dienstleistung:<\/li>\n\n\n\n<li>Bestellt am \/ erhalten am: _______________<\/li>\n\n\n\n<li>Name des\/der Verbraucher(s): _______________<\/li>\n\n\n\n<li>Anschrift des\/der Verbraucher(s): _______________<\/li>\n\n\n\n<li>Datum: _______________<\/li>\n\n\n\n<li>Unterschrift (nur bei Mitteilung auf Papier)<\/li>\n<\/ul>\n","protected":false},"excerpt":{"rendered":"<p>Widerrufsrecht f\u00fcr Verbraucher Du hast das Recht, binnen vierzehn Tagen ohne Angabe von Gr\u00fcnden diesen Vertrag zu widerrufen. Die Frist beginnt mit Vertragsschluss. Um dein Widerrufsrecht auszu\u00fcben, musst du uns (Kontaktdaten siehe unten) mittels einer eindeutigen Erkl\u00e4rung (z. B. E-Mail) \u00fcber deinen Entschluss, diesen Vertrag zu widerrufen, informieren. Zur Wahrung der Frist reicht es aus, [&hellip;]<\/p>\n","protected":false},"author":1,"featured_media":0,"parent":0,"menu_order":9,"comment_status":"closed","ping_status":"closed","template":"","meta":{"footnotes":""},"class_list":["post-103","page","type-page","status-publish","hentry"],"jetpack_sharing_enabled":true,"_links":{"self":[{"href":"https:\/\/store.deichmann-fotografie.de\/index.php?rest_route=\/wp\/v2\/pages\/103","targetHints":{"allow":["GET"]}}],"collection":[{"href":"https:\/\/store.deichmann-fotografie.de\/index.php?rest_route=\/wp\/v2\/pages"}],"about":[{"href":"https:\/\/store.deichmann-fotografie.de\/index.php?rest_route=\/wp\/v2\/types\/page"}],"author":[{"embeddable":true,"href":"https:\/\/store.deichmann-fotografie.de\/index.php?rest_route=\/wp\/v2\/users\/1"}],"replies":[{"embeddable":true,"href":"https:\/\/store.deichmann-fotografie.de\/index.php?rest_route=%2Fwp%2Fv2%2Fcomments&post=103"}],"version-history":[{"count":1,"href":"https:\/\/store.deichmann-fotografie.de\/index.php?rest_route=\/wp\/v2\/pages\/103\/revisions"}],"predecessor-version":[{"id":104,"href":"https:\/\/store.deichmann-fotografie.de\/index.php?rest_route=\/wp\/v2\/pages\/103\/revisions\/104"}],"wp:attachment":[{"href":"https:\/\/store.deichmann-fotografie.de\/index.php?rest_route=%2Fwp%2Fv2%2Fmedia&parent=103"}],"curies":[{"name":"wp","href":"https:\/\/api.w.org\/{rel}","templated":true}]}}