{"id":105,"date":"2025-11-08T05:18:44","date_gmt":"2025-11-08T04:18:44","guid":{"rendered":"https:\/\/store.deichmann-fotografie.de\/?page_id=105"},"modified":"2025-11-08T18:41:14","modified_gmt":"2025-11-08T17:41:14","slug":"jugendschutz","status":"publish","type":"page","link":"https:\/\/store.deichmann-fotografie.de\/?page_id=105","title":{"rendered":"Jugendschutz"},"content":{"rendered":"\n<h2 class=\"wp-block-heading\">Unser Grundsatz<\/h2>\n\n\n\n<p>Der Store richtet sich an <strong>Personen ab 16 Jahren<\/strong>. Wir ver\u00f6ffentlichen keine Inhalte, die eine Altersfreigabe <strong>ab 18<\/strong> erfordern. Eltern\/Erziehungsberechtigte sollten Minderj\u00e4hrigen unter 16 Jahren den Zugriff auf diesen Shop nicht erm\u00f6glichen.<\/p>\n\n\n\n<h2 class=\"wp-block-heading\">Technische Kennzeichnung<\/h2>\n\n\n\n<p>Wir setzen die in Deutschland \u00fcbliche <strong>age-de.xml<\/strong> ein. Jugendschutzprogramme (z. B. anerkannte Filtersoftware) k\u00f6nnen damit unsere Seiten erkennen und entsprechend sperren\/freigeben. Rechts- und Kontaktseiten bleiben stets erreichbar.<\/p>\n\n\n\n<h2 class=\"wp-block-heading\">Hinweise f\u00fcr Erziehungsberechtigte<\/h2>\n\n\n\n<ul class=\"wp-block-list\">\n<li>Nutze anerkannte Jugendschutz-Filtersoftware auf Ger\u00e4ten Minderj\u00e4hriger.<\/li>\n\n\n\n<li>Aktiviere Ger\u00e4tesperren\/Kindersicherungen (Betriebssystem, Browser, Router).<\/li>\n\n\n\n<li>Sprich mit Jugendlichen \u00fcber verantwortungsvolle Mediennutzung.<\/li>\n<\/ul>\n\n\n\n<h2 class=\"wp-block-heading\">Kontakt f\u00fcr Jugendschutz-Anliegen<\/h2>\n\n\n\n<p>Deichmann-Fotografie, Tobias Deichmann<br>von-Eichendorff-Str. 12, 86899 Landsberg am Lech<br>E-Mail: <strong><a>info@deichmann-fotografie.de<\/a><\/strong>, Telefon: <strong>0179 \/ 6610765<\/strong><\/p>\n\n\n\n<p>Wenn du der Ansicht bist, dass eine Seite falsch eingestuft wurde, melde dich bitte mit URL\/Begr\u00fcndung. Wir pr\u00fcfen das zeitnah.<\/p>\n","protected":false},"excerpt":{"rendered":"<p>Unser Grundsatz Der Store richtet sich an Personen ab 16 Jahren. Wir ver\u00f6ffentlichen keine Inhalte, die eine Altersfreigabe ab 18 erfordern. Eltern\/Erziehungsberechtigte sollten Minderj\u00e4hrigen unter 16 Jahren den Zugriff auf diesen Shop nicht erm\u00f6glichen. Technische Kennzeichnung Wir setzen die in Deutschland \u00fcbliche age-de.xml ein. Jugendschutzprogramme (z. B. anerkannte Filtersoftware) k\u00f6nnen damit unsere Seiten erkennen und [&hellip;]<\/p>\n","protected":false},"author":1,"featured_media":0,"parent":0,"menu_order":9,"comment_status":"closed","ping_status":"closed","template":"","meta":{"footnotes":""},"class_list":["post-105","page","type-page","status-publish","hentry"],"jetpack_sharing_enabled":true,"_links":{"self":[{"href":"https:\/\/store.deichmann-fotografie.de\/index.php?rest_route=\/wp\/v2\/pages\/105","targetHints":{"allow":["GET"]}}],"collection":[{"href":"https:\/\/store.deichmann-fotografie.de\/index.php?rest_route=\/wp\/v2\/pages"}],"about":[{"href":"https:\/\/store.deichmann-fotografie.de\/index.php?rest_route=\/wp\/v2\/types\/page"}],"author":[{"embeddable":true,"href":"https:\/\/store.deichmann-fotografie.de\/index.php?rest_route=\/wp\/v2\/users\/1"}],"replies":[{"embeddable":true,"href":"https:\/\/store.deichmann-fotografie.de\/index.php?rest_route=%2Fwp%2Fv2%2Fcomments&post=105"}],"version-history":[{"count":1,"href":"https:\/\/store.deichmann-fotografie.de\/index.php?rest_route=\/wp\/v2\/pages\/105\/revisions"}],"predecessor-version":[{"id":106,"href":"https:\/\/store.deichmann-fotografie.de\/index.php?rest_route=\/wp\/v2\/pages\/105\/revisions\/106"}],"wp:attachment":[{"href":"https:\/\/store.deichmann-fotografie.de\/index.php?rest_route=%2Fwp%2Fv2%2Fmedia&parent=105"}],"curies":[{"name":"wp","href":"https:\/\/api.w.org\/{rel}","templated":true}]}}