{"id":39,"date":"2025-11-08T19:58:42","date_gmt":"2025-11-08T18:58:42","guid":{"rendered":"https:\/\/store.deichmann-fotografie.de\/?page_id=39"},"modified":"2025-11-08T19:59:24","modified_gmt":"2025-11-08T18:59:24","slug":"rueckerstattung_rueckgaben","status":"publish","type":"page","link":"https:\/\/store.deichmann-fotografie.de\/?page_id=39","title":{"rendered":"Richtlinie f\u00fcr R\u00fcckerstattungen und R\u00fcckgaben"},"content":{"rendered":"\n<p><strong>Digitale Inhalte<\/strong><br>Wir verkaufen ausschlie\u00dflich <strong>digitale Inhalte\/Downloads<\/strong>. F\u00fcr digitale Inhalte, die <strong>nicht<\/strong> auf einem k\u00f6rperlichen Datentr\u00e4ger geliefert werden, <strong>erlischt das Widerrufsrecht<\/strong>, sobald du der <strong>Ausf\u00fchrung vor Ablauf der Widerrufsfrist ausdr\u00fccklich zugestimmt<\/strong> hast und deine <strong>Kenntnis vom Erl\u00f6schen<\/strong> best\u00e4tigt hast.<br><strong>Details:<\/strong> <a href=\"https:\/\/store.deichmann-fotografie.de\/?page_id=103\" data-type=\"page\" data-id=\"103\">Widerrufsbelehrung<\/a><\/p>\n\n\n\n<p><strong>Technische Probleme<\/strong><br>Funktioniert ein Downloadlink nicht oder ist die Datei besch\u00e4digt, schreib uns bitte binnen 14 Tagen an <strong><a href=\"mailto:info@deichmann-fotografie.de\" data-type=\"mailto\" data-id=\"mailto:info@deichmann-fotografie.de\">info@deichmann-fotografie.de<\/a><\/strong> \u2013 wir stellen Ersatz bereit; falls das nicht m\u00f6glich ist, erstatten wir.<\/p>\n\n\n\n<p><strong>R\u00fcckzahlungen<\/strong><br>Erfolgen \u00fcber dasselbe Zahlungsmittel. Die Banklaufzeit h\u00e4ngt vom Zahlungsdienst ab (Stripe\/Woo, Apple\/Google Pay, Klarna, ggf. PayPal, etc.).<\/p>\n\n\n\n<p><\/p>\n","protected":false},"excerpt":{"rendered":"<p>Digitale InhalteWir verkaufen ausschlie\u00dflich digitale Inhalte\/Downloads. F\u00fcr digitale Inhalte, die nicht auf einem k\u00f6rperlichen Datentr\u00e4ger geliefert werden, erlischt das Widerrufsrecht, sobald du der Ausf\u00fchrung vor Ablauf der Widerrufsfrist ausdr\u00fccklich zugestimmt hast und deine Kenntnis vom Erl\u00f6schen best\u00e4tigt hast.Details: Widerrufsbelehrung Technische ProblemeFunktioniert ein Downloadlink nicht oder ist die Datei besch\u00e4digt, schreib uns bitte binnen 14 Tagen [&hellip;]<\/p>\n","protected":false},"author":1,"featured_media":0,"parent":0,"menu_order":10,"comment_status":"closed","ping_status":"closed","template":"","meta":{"footnotes":""},"class_list":["post-39","page","type-page","status-publish","hentry"],"jetpack_sharing_enabled":true,"_links":{"self":[{"href":"https:\/\/store.deichmann-fotografie.de\/index.php?rest_route=\/wp\/v2\/pages\/39","targetHints":{"allow":["GET"]}}],"collection":[{"href":"https:\/\/store.deichmann-fotografie.de\/index.php?rest_route=\/wp\/v2\/pages"}],"about":[{"href":"https:\/\/store.deichmann-fotografie.de\/index.php?rest_route=\/wp\/v2\/types\/page"}],"author":[{"embeddable":true,"href":"https:\/\/store.deichmann-fotografie.de\/index.php?rest_route=\/wp\/v2\/users\/1"}],"replies":[{"embeddable":true,"href":"https:\/\/store.deichmann-fotografie.de\/index.php?rest_route=%2Fwp%2Fv2%2Fcomments&post=39"}],"version-history":[{"count":1,"href":"https:\/\/store.deichmann-fotografie.de\/index.php?rest_route=\/wp\/v2\/pages\/39\/revisions"}],"predecessor-version":[{"id":172,"href":"https:\/\/store.deichmann-fotografie.de\/index.php?rest_route=\/wp\/v2\/pages\/39\/revisions\/172"}],"wp:attachment":[{"href":"https:\/\/store.deichmann-fotografie.de\/index.php?rest_route=%2Fwp%2Fv2%2Fmedia&parent=39"}],"curies":[{"name":"wp","href":"https:\/\/api.w.org\/{rel}","templated":true}]}}