{"id":97,"date":"2025-11-08T05:14:48","date_gmt":"2025-11-08T04:14:48","guid":{"rendered":"https:\/\/store.deichmann-fotografie.de\/?page_id=97"},"modified":"2025-11-08T18:42:04","modified_gmt":"2025-11-08T17:42:04","slug":"impressum","status":"publish","type":"page","link":"https:\/\/store.deichmann-fotografie.de\/?page_id=97","title":{"rendered":"Impressum"},"content":{"rendered":"\n<p><strong>Deichmann-Fotografie<\/strong><br>Inhaber: <strong>Tobias Deichmann<\/strong><br>von-Eichendorff-Str. 12<br>86899 Landsberg am Lech<br>Deutschland<\/p>\n\n\n\n<p>E-Mail: <strong><a>info@deichmann-fotografie.de<\/a><\/strong><br>Telefon: <strong>0179 \/ 6610765<\/strong><\/p>\n\n\n\n<p><strong>Verantwortlich i. S. d. \u00a7 18 Abs. 2 MStV:<\/strong><br>Tobias Deichmann, Anschrift wie oben.<\/p>\n\n\n\n<p><strong>Urheberrecht \/ Bildrechte<\/strong><br>Die auf diesen Seiten ver\u00f6ffentlichten Inhalte, Fotografien, Videos und Grafiken unterliegen dem deutschen Urheberrecht. Jede \u00fcber die gesetzlich zul\u00e4ssige Nutzung hinausgehende Verwertung bedarf unserer vorherigen schriftlichen Zustimmung.<\/p>\n\n\n\n<p><strong>Haftung f\u00fcr Inhalte<\/strong><br>Wir erstellen die Inhalte dieser Seiten mit gr\u00f6\u00dfter Sorgfalt, \u00fcbernehmen jedoch keine Gew\u00e4hr f\u00fcr Richtigkeit, Vollst\u00e4ndigkeit und Aktualit\u00e4t. Verpflichtungen zur Entfernung oder Sperrung der Nutzung von Informationen nach den allgemeinen Gesetzen bleiben unber\u00fchrt (\u00a7\u00a7 8\u201310 TMG).<\/p>\n\n\n\n<p><strong>Haftung f\u00fcr Links<\/strong><br>F\u00fcr Inhalte externer Seiten, auf die wir verlinken, sind ausschlie\u00dflich deren Anbieter verantwortlich. Rechtswidrige Inhalte waren zum Zeitpunkt der Verlinkung nicht erkennbar.<\/p>\n\n\n\n<p><strong>Online-Streitbeilegung &amp; Verbraucherstreitbeilegung<\/strong><br>Wir sind nicht verpflichtet und nicht bereit, an Streitbeilegungsverfahren vor einer Verbraucherschlichtungsstelle teilzunehmen.<\/p>\n","protected":false},"excerpt":{"rendered":"<p>Deichmann-FotografieInhaber: Tobias Deichmannvon-Eichendorff-Str. 1286899 Landsberg am LechDeutschland E-Mail: info@deichmann-fotografie.deTelefon: 0179 \/ 6610765 Verantwortlich i. S. d. \u00a7 18 Abs. 2 MStV:Tobias Deichmann, Anschrift wie oben. Urheberrecht \/ BildrechteDie auf diesen Seiten ver\u00f6ffentlichten Inhalte, Fotografien, Videos und Grafiken unterliegen dem deutschen Urheberrecht. Jede \u00fcber die gesetzlich zul\u00e4ssige Nutzung hinausgehende Verwertung bedarf unserer vorherigen schriftlichen Zustimmung. Haftung [&hellip;]<\/p>\n","protected":false},"author":1,"featured_media":0,"parent":0,"menu_order":6,"comment_status":"closed","ping_status":"closed","template":"","meta":{"footnotes":""},"class_list":["post-97","page","type-page","status-publish","hentry"],"jetpack_sharing_enabled":true,"_links":{"self":[{"href":"https:\/\/store.deichmann-fotografie.de\/index.php?rest_route=\/wp\/v2\/pages\/97","targetHints":{"allow":["GET"]}}],"collection":[{"href":"https:\/\/store.deichmann-fotografie.de\/index.php?rest_route=\/wp\/v2\/pages"}],"about":[{"href":"https:\/\/store.deichmann-fotografie.de\/index.php?rest_route=\/wp\/v2\/types\/page"}],"author":[{"embeddable":true,"href":"https:\/\/store.deichmann-fotografie.de\/index.php?rest_route=\/wp\/v2\/users\/1"}],"replies":[{"embeddable":true,"href":"https:\/\/store.deichmann-fotografie.de\/index.php?rest_route=%2Fwp%2Fv2%2Fcomments&post=97"}],"version-history":[{"count":1,"href":"https:\/\/store.deichmann-fotografie.de\/index.php?rest_route=\/wp\/v2\/pages\/97\/revisions"}],"predecessor-version":[{"id":98,"href":"https:\/\/store.deichmann-fotografie.de\/index.php?rest_route=\/wp\/v2\/pages\/97\/revisions\/98"}],"wp:attachment":[{"href":"https:\/\/store.deichmann-fotografie.de\/index.php?rest_route=%2Fwp%2Fv2%2Fmedia&parent=97"}],"curies":[{"name":"wp","href":"https:\/\/api.w.org\/{rel}","templated":true}]}}